{"id":315,"date":"2019-06-06T15:13:09","date_gmt":"2019-06-06T15:13:09","guid":{"rendered":"\/?page_id=315"},"modified":"2019-06-06T15:20:50","modified_gmt":"2019-06-06T15:20:50","slug":"wlan-nutzung","status":"publish","type":"page","link":"https:\/\/privatzimmer-reutlingen.de\/en\/wlan-nutzung\/","title":{"rendered":"WLAN-Nutzungsbedingungen"},"content":{"rendered":"<div data-elementor-type=\"wp-post\" data-elementor-id=\"315\" class=\"elementor elementor-315\" data-elementor-post-type=\"page\">\n\t\t\t\t\t\t<section class=\"elementor-section elementor-top-section elementor-element elementor-element-52991b1c elementor-section-boxed elementor-section-height-default elementor-section-height-default\" data-id=\"52991b1c\" data-element_type=\"section\">\n\t\t\t\t\t\t<div class=\"elementor-container elementor-column-gap-default\">\n\t\t\t\t\t<div class=\"elementor-column elementor-col-100 elementor-top-column elementor-element elementor-element-2da18a09\" data-id=\"2da18a09\" data-element_type=\"column\">\n\t\t\t<div class=\"elementor-widget-wrap elementor-element-populated\">\n\t\t\t\t\t\t<div class=\"elementor-element elementor-element-f81aaaf elementor-widget elementor-widget-heading\" data-id=\"f81aaaf\" data-element_type=\"widget\" data-widget_type=\"heading.default\">\n\t\t\t\t<div class=\"elementor-widget-container\">\n\t\t\t<h2 class=\"elementor-heading-title elementor-size-default\">WLAN-Nutzungsbedingungen<\/h2>\t\t<\/div>\n\t\t\t\t<\/div>\n\t\t\t\t<div class=\"elementor-element elementor-element-3ad5fa9e elementor-widget elementor-widget-text-editor\" data-id=\"3ad5fa9e\" data-element_type=\"widget\" data-widget_type=\"text-editor.default\">\n\t\t\t\t<div class=\"elementor-widget-container\">\n\t\t\t\t\t\t\t<!-- wp:paragraph -->\n<p><strong>1. Gegenstand und Geltungsbereich dieser Nutzungsbedingungen<\/strong><\/p>\n<!-- \/wp:paragraph --><!-- wp:paragraph -->\n<p>Diese Nutzungsbedingungen regeln Ihre und unsere Rechte und Pflichten im Zusammenhang mit der Nutzung unseres G\u00e4ste-WLAN-Zugangs. Er bezieht sich insbesondere auf das Netzwerk mit der SSID \u201ePrivatzimmer Free Wifi\u201c.<\/p>\n<!-- \/wp:paragraph --><!-- wp:paragraph -->\n<p><strong>2. Unsere Leistungen<\/strong><\/p>\n<!-- \/wp:paragraph --><!-- wp:paragraph -->\n<p>(1) Wir stellen Ihnen in unserem Haus fl\u00e4chendeckend einen Zugang zum Internet in Form eines WLAN-Zugangs (\u201ePrivatzimmer Free Wifi\u201c) zur kostenlosen Nutzung zur Verf\u00fcgung.<\/p>\n<!-- \/wp:paragraph --><!-- wp:paragraph -->\n<p>(2) Die Bereitstellung des WLANs richtet sich nach unseren jeweiligen technischen M\u00f6glichkeiten. Ein Anspruch auf einen funktionsf\u00e4higen Zugang oder eine bestimmte \u00f6rtliche Abdeckung besteht nur dann, wenn dies zuvor vertraglich geregelt wurde.<\/p>\n<!-- \/wp:paragraph --><!-- wp:paragraph -->\n<p>(3) Wir garantieren ferner nicht, dass der Internetzugang st\u00f6rungs- und unterbrechungsfrei genutzt werden kann. Auch k\u00f6nnen wir keine \u00dcbertragungsgeschwindigkeiten gew\u00e4hrleisten. I.d.R. versuchen wir jedoch eine durchschnittliche Verf\u00fcgbarkeit von ca. 98 % gemittelt auf 365 Tage zu gew\u00e4hrleisten.<\/p>\n<!-- \/wp:paragraph --><!-- wp:paragraph -->\n<p>(4) Wir behalten uns das Recht vor, den Zugang zum WLAN im Falle notwendiger technischer Reparatur- und Wartungsarbeiten ohne vorherige Ank\u00fcndigung zu \u00e4ndern, zu beschr\u00e4nken oder einzustellen.<\/p>\n<!-- \/wp:paragraph --><!-- wp:paragraph -->\n<p>(5) Es besteht kein Anspruch darauf, dass bestimmte Dienste \u00fcber den WLAN genutzt werden k\u00f6nnen. So k\u00f6nnen insbesondere Port-Sperrungen vorgenommen werden. In der Regel wird das Surfen im Internet und das Senden und Empfangen von E-Mails erm\u00f6glicht.<\/p>\n<!-- \/wp:paragraph --><!-- wp:paragraph -->\n<p><strong>3. Zugang und Nutzung<\/strong><\/p>\n<!-- \/wp:paragraph --><!-- wp:paragraph -->\n<p>(1) Wir bieten unser G\u00e4ste-WLAN nur f\u00fcr \u00dcbernachtungsg\u00e4ste unseres Hauses an. Es handelt sich nicht um einen \u00f6ffentlich zug\u00e4nglichen Telekommunikationsdienst, sondern um ein internes WLAN f\u00fcr G\u00e4ste unseres Hauses.<\/p>\n<!-- \/wp:paragraph --><!-- wp:paragraph -->\n<p>(2) Voraussetzung f\u00fcr eine Nutzung ist, dass Sie sich zuvor f\u00fcr die Nutzung des WLANs registrieren und\/oder die Geltung dieser Nutzungsbedingungen zu Beginn der Nutzung des WLANs akzeptieren. Dies kann bei Auswahl des WLANs als WLAN-Netz im Endger\u00e4t in der Regel \u00fcber ein dann abrufbares Registrierungsformular oder eine Begr\u00fc\u00dfungsseite erfolgen.<\/p>\n<!-- \/wp:paragraph --><!-- wp:paragraph -->\n<p>(3) Es besteht kein Anspruch auf Nutzung des WLANs. Uns steht es frei, den Zugang zum Internet jederzeit ohne Angabe von Gr\u00fcnden einzuschr\u00e4nken oder einzustellen.<\/p>\n<!-- \/wp:paragraph --><!-- wp:paragraph -->\n<p>(4) Es gilt die jeweils aktuelle Fassung dieser Nutzungsbedingungen, die Ihnen dauerhaft online unter <a href=\"https:\/\/privatzimmer-reutlingen.de\/wlan-nutzung\">https:\/\/privatzimmer-reutlingen.de\/wlan-nutzung<\/a> zur Verf\u00fcgung gestellt und in gedruckter Form in den R\u00e4umlichkeiten unseres Hauses ausgelegt wird.<\/p>\n<!-- \/wp:paragraph --><!-- wp:paragraph -->\n<p>(5) Unser Netzwerk wird von einer Firewall mit Advanced Thread Protection und Intrusion Prevention dauerhaft \u00fcberwacht und gesch\u00fctzt. Datenverkehr wird, sofern unverschl\u00fcsselt, permanent auf Viren, W\u00fcrmer und Trojaner gescannt. Bei Sicherheitsverst\u00f6\u00dfen sperrt die Firewall automatisch den Zugang zu den verursachenden Diensten. Bei sich wiederholenden Verst\u00f6\u00dfen wird ihr Ger\u00e4t automatisiert aus der Nutzung des WLAN-Zugangs ausgeschlossen. Um wieder Zugang zu erhalten, wenden Sie sich bitte an <a href=\"mailto:internet@privatzimmer-reutlingen.de\">internet@privatzimmer-reutlingen.de<\/a> und kl\u00e4ren Sie die Voraussetzungen f\u00fcr eine erneute Freischaltung des Zugangs. Der Nachweis eines negativen Virenscans kann ggf. Voraussetzung f\u00fcr eine erneute Freischaltung des Ger\u00e4ts sein.<\/p>\n<!-- \/wp:paragraph --><!-- wp:paragraph -->\n<p><strong>4. Zugangsdaten<\/strong><\/p>\n<!-- \/wp:paragraph --><!-- wp:paragraph -->\n<p>(1) Sofern Sie im Zuge einer Registrierung Anmelde-Daten (wie z.B. Benutzername, Passwort, E-Mail etc.) angegeben haben, sind diese von Ihnen geheim zu halten und unbefugten Dritten nicht zug\u00e4nglich zu machen.<\/p>\n<!-- \/wp:paragraph --><!-- wp:paragraph -->\n<p>(2) Sollten Sie Registrierungsdaten erhalten haben, haben Sie sicher zu stellen, dass der Zugang zu und die Nutzung des WLANs mit Ihren Benutzerdaten ausschlie\u00dflich durch Sie als Nutzer erfolgt. Sofern Tatsachen vorliegen, die die Annahme begr\u00fcnden, dass unbefugte Dritte von Ihren Zugangsdaten Kenntnis erlangt haben oder erlangen werden, m\u00fcssen Sie uns unverz\u00fcglich informieren.<\/p>\n<!-- \/wp:paragraph --><!-- wp:paragraph -->\n<p>(3) Sie haften als Nutzer f\u00fcr jedwede Nutzung und\/oder sonstige Aktivit\u00e4t, die unter Ihren Zugangsdaten ausgef\u00fchrt wird, nach den gesetzlichen Bestimmungen.<\/p>\n<!-- \/wp:paragraph --><!-- wp:paragraph -->\n<p><strong>5. Ihre Pflichten als Nutzer<\/strong><\/p>\n<!-- \/wp:paragraph --><!-- wp:paragraph -->\n<p>(1) Sie sind verpflichtet, etwaige Informationen, die im Rahmen der Nutzung des Dienstes von Ihnen zu ihrer Person angegeben werden, wahrheitsgem\u00e4\u00df zu machen.<\/p>\n<!-- \/wp:paragraph --><!-- wp:paragraph -->\n<p>(2) Sie sind verpflichtet, bei der Nutzung unseres WLANs die geltenden Gesetze einzuhalten.<\/p>\n<!-- \/wp:paragraph --><!-- wp:paragraph -->\n<p>(3) Weitere Pflichten, die sich aus anderen Bestimmungen dieser Nutzungsbedingungen ergeben, bleiben unber\u00fchrt.<\/p>\n<!-- \/wp:paragraph --><!-- wp:paragraph -->\n<p><strong>6. Preise<\/strong><\/p>\n<!-- \/wp:paragraph --><!-- wp:paragraph -->\n<p>Der Dienst wird kostenlos erbracht.<\/p>\n<!-- \/wp:paragraph --><!-- wp:paragraph -->\n<p><strong>7. Verf\u00fcgbarkeit der Leistungen<\/strong><\/p>\n<!-- \/wp:paragraph --><!-- wp:paragraph -->\n<p>Da unsere Leistungen unentgeltlich erbracht werden, haben Sie keinen Anspruch auf Nutzung des WLANs. Wir bem\u00fchen uns jedoch um eine m\u00f6glichst unterbrechungsfreie Nutzbarkeit des WLANs.<\/p>\n<!-- \/wp:paragraph --><!-- wp:paragraph -->\n<p><strong>8. Verbotene Handlungen<\/strong><\/p>\n<!-- \/wp:paragraph --><!-- wp:paragraph -->\n<p>Ihnen sind als Nutzer jegliche Handlungen bei der Nutzung des WLANs untersagt, die gegen geltendes Recht versto\u00dfen, Rechte Dritter verletzen oder gegen die Grunds\u00e4tze des Jugendschutzes versto\u00dfen. Insbesondere sind folgende Handlungen untersagt:<\/p>\n<!-- \/wp:paragraph --><!-- wp:list -->\n<ul>\n<li>das Einstellen, die Verbreitung, das Angebot und die Bewerbung pornografischer, gegen Jugendschutzgesetze, gegen Datenschutzrecht und\/oder gegen sonstiges Recht versto\u00dfender und\/oder betr\u00fcgerischer Inhalte, Dienste und\/oder Produkte;<\/li>\n<li>die Ver\u00f6ffentlichung oder Zug\u00e4nglichmachung von Inhalten, durch die andere Teilnehmer oder Dritte beleidigt oder verleumdet werden;<\/li>\n<li>die Nutzung, das Bereitstellen und das Verbreiten von Inhalten, Diensten und\/oder Produkten, die gesetzlich gesch\u00fctzt oder mit Rechten Dritter (z.B. Urheberrechte) belastet sind, ohne hierzu ausdr\u00fccklich berechtigt zu sein;<\/li>\n<li>die \u00f6ffentliche Zug\u00e4nglichmachung von urheberrechtlich gesch\u00fctzten Werken oder sonstige urheberrechtswidrige Handlungen, insbesondere bei der Nutzung von sog. \u201eInternet-Tauschb\u00f6rsen\u201c oder File-Sharing-Diensten.<\/li>\n<\/ul>\n<!-- \/wp:list --><!-- wp:paragraph -->\n<p>Des Weiteren sind auch unabh\u00e4ngig von einem eventuellen Gesetzesversto\u00df bei der Einstellung eigener Inhalte auf der Internetseite des Diensteanbieters sowie bei der Kommunikation mit anderen Nutzern (z.B. durch Versendung pers\u00f6nlicher Mitteilungen, durch die Teilnahme an Diskussionsforen etc.) die folgenden Aktivit\u00e4ten untersagt:<\/p>\n<!-- \/wp:paragraph --><!-- wp:list -->\n<ul>\n<li>die \u00dcbertragung \u00fcberdurchschnittlich gro\u00dfer Datenmengen und insbesondere die anhaltende \u00dcbertragung solcher Datenmengen;<\/li>\n<li>das Hosting eines Web-Servers oder anderer Server durch Nutzung eines WLANs des Diensteanbieters;<\/li>\n<li>die \u00c4nderung der vorgegebenen DNS-Server in den Netzwerkeinstellungen des WLANs des Diensteanbieters;<\/li>\n<li>die Versendung von Junk- oder Spam-Mails sowie von Kettenbriefen;<\/li>\n<li>die Verbreitung von Viren, Trojanern und anderen sch\u00e4dlichen Dateien;<\/li>\n<li>die Verbreitung anz\u00fcglicher, anst\u00f6\u00dfiger, sexuell gepr\u00e4gter, obsz\u00f6ner oder diffamierender Inhalte bzw. Kommunikation sowie solcher Inhalte bzw. Kommunikation die geeignet sind\/ist, Rassismus, Fanatismus, Hass, k\u00f6rperliche Gewalt oder rechtswidrige Handlungen zu f\u00f6rdern bzw. zu unterst\u00fctzen (jeweils explizit oder implizit);<\/li>\n<li>die Aufforderung anderer Nutzer oder Dritter zur Preisgabe von Kennw\u00f6rtern oder personenbezogener Daten f\u00fcr kommerzielle oder rechts- bzw. gesetzeswidrige Zwecke.<\/li>\n<\/ul>\n<!-- \/wp:list --><!-- wp:paragraph -->\n<p>Ebenfalls untersagt ist jede Handlung, die geeignet ist, den reibungslosen Betrieb unseres WLANs zu beeintr\u00e4chtigen, insbesondere unsere Systeme unverh\u00e4ltnism\u00e4\u00dfig hoch zu belasten.<\/p>\n<!-- \/wp:paragraph --><!-- wp:paragraph -->\n<p><strong>9. Sperrung von Zug\u00e4ngen<\/strong><\/p>\n<!-- \/wp:paragraph --><!-- wp:paragraph -->\n<p>Wir k\u00f6nnen Ihren Zugang zum WLAN jederzeit vor\u00fcbergehend oder dauerhaft sperren, wenn konkrete Anhaltspunkte vorliegen, dass Sie gegen diese Nutzungsbedingungen und\/oder geltendes Recht versto\u00dfen, versto\u00dfen haben oder wenn wir ein sonstiges berechtigtes Interesse an der Sperrung haben.<\/p>\n<!-- \/wp:paragraph --><!-- wp:paragraph -->\n<p><strong>10. Haftungsfreistellung<\/strong><\/p>\n<!-- \/wp:paragraph --><!-- wp:paragraph -->\n<p>(1) Sie sind als Nutzer f\u00fcr alle ihre Handlungen, die Sie im Zusammenhang mit der Nutzung des Internets \u00fcber unseren WLAN vornehmen, selbst verantwortlich.<\/p>\n<!-- \/wp:paragraph --><!-- wp:paragraph -->\n<p>(2) Sie stellen uns von s\u00e4mtlichen Forderungen, die Dritte gegen uns wegen eines Versto\u00dfes des Nutzers gegen gesetzliche Vorschriften, gegen Rechte Dritter (insbesondere Pers\u00f6nlichkeits-, Urheber- und Markenrechte) oder gegen vertragliche Pflichten, Zusicherungen oder Garantien geltend machen, einschlie\u00dflich der Kosten der notwendigen Rechtsverteidigung (Rechtsanwalts- und Gerichtskosten in gesetzlicher H\u00f6he) auf erstes Anfordern frei.<\/p>\n<!-- \/wp:paragraph --><!-- wp:paragraph -->\n<p>(3) Sie sind verpflichtet, im Falle der Geltendmachung von Anspr\u00fcchen im Sinne von Ziff. 10 Absatz 2 unverz\u00fcglich und vollst\u00e4ndig bei der Sachverhaltsaufkl\u00e4rung mitzuwirken und uns die hierzu erforderlichen Angaben in geeigneter Weise zug\u00e4nglich zu machen.<\/p>\n<!-- \/wp:paragraph --><!-- wp:paragraph -->\n<p><strong>11. Haftungsbeschr\u00e4nkung<\/strong><\/p>\n<!-- \/wp:paragraph --><!-- wp:paragraph -->\n<p>(1) Wir haften bei Vorsatz oder grober Fahrl\u00e4ssigkeit f\u00fcr alle von uns verursachten Sch\u00e4den unbeschr\u00e4nkt.<\/p>\n<!-- \/wp:paragraph --><!-- wp:paragraph -->\n<p>(2) Bei leichter Fahrl\u00e4ssigkeit haften wir im Fall der Verletzung des Lebens, des K\u00f6rpers oder der Gesundheit unbeschr\u00e4nkt.<\/p>\n<!-- \/wp:paragraph --><!-- wp:paragraph -->\n<p>(3) Im \u00dcbrigen haften wir nur, soweit wir eine wesentliche Vertragspflicht verletzt haben. Als wesentliche Vertragspflichten werden dabei abstrakt solche Pflichten bezeichnet, deren Erf\u00fcllung die ordnungsgem\u00e4\u00dfe Durchf\u00fchrung des Vertrages \u00fcberhaupt erst erm\u00f6glicht und auf deren Einhaltung der Nutzer regelm\u00e4\u00dfig vertrauen darf. In diesen F\u00e4llen ist die Haftung auf den Ersatz des vorhersehbaren, typischerweise eintretenden Schadens beschr\u00e4nkt.<\/p>\n<!-- \/wp:paragraph --><!-- wp:paragraph -->\n<p>(4) Soweit unsere Haftung nach den vorgenannten Vorschriften ausgeschlossen oder beschr\u00e4nkt wird, gilt dies auch f\u00fcr unsere Erf\u00fcllungsgehilfen.<\/p>\n<!-- \/wp:paragraph --><!-- wp:paragraph -->\n<p>(5) Die Haftung nach dem Produkthaftungsgesetz bleibt unber\u00fchrt.<\/p>\n<!-- \/wp:paragraph --><!-- wp:paragraph -->\n<p><strong>12. Datenschutz<\/strong><\/p>\n<!-- \/wp:paragraph --><!-- wp:paragraph -->\n<p>(1) Wir tragen Sorge daf\u00fcr, dass Ihre personenbezogenen Daten nur erhoben, gespeichert und verarbeitet werden, soweit dies zur vertragsgem\u00e4\u00dfen Leistungserbringung erforderlich und durch gesetzliche Vorschriften erlaubt, oder vom Gesetzgeber angeordnet ist.<\/p>\n<!-- \/wp:paragraph --><!-- wp:paragraph -->\n<p>(2) F\u00fcr den Fall, dass im Rahmen der Nutzung unserer Leistungen datenschutzrechtliche Einwilligungserkl\u00e4rungen von Ihnen eingeholt werden, wird darauf hingewiesen, dass Sie diese jederzeit mit Wirkung f\u00fcr die Zukunft widerrufen k\u00f6nnen.<\/p>\n<!-- \/wp:paragraph --><!-- wp:paragraph -->\n<p>(3) Um die Leistungen des WLANs f\u00fcr Sie zu erbringen, ist die Verwendung von personenbezogenen Daten Ihres Endger\u00e4tes erforderlich. In dem Zusammenhang werden ggf. auch die MAC-Adressen von Endger\u00e4ten tempor\u00e4r gespeichert. Ferner werden wir ggf. Protokolldaten (\u201eLogfiles\u201c) \u00fcber Art und Umfang der Nutzung der Dienstleistungen f\u00fcr 7 Tage speichern. Diese Daten k\u00f6nnen nicht unmittelbar Ihrer Person zugeordnet werden.<\/p>\n<!-- \/wp:paragraph --><!-- wp:paragraph -->\n<p><strong>13. Schlussbestimmungen<\/strong><\/p>\n<!-- \/wp:paragraph --><!-- wp:paragraph -->\n<p>(1) Es gilt das Recht der Bundesrepublik Deutschland, wobei die Geltung des UN-Kaufrechts ausgeschlossen wird.<\/p>\n<!-- \/wp:paragraph --><!-- wp:paragraph -->\n<p>(2) Wenn Sie Kaufmann, juristische Person des \u00f6ffentlichen Rechts oder \u00f6ffentlich-rechtliches Sonderverm\u00f6gen sind, so ist unser Sitz ausschlie\u00dflicher Gerichtsstand f\u00fcr alle Streitigkeiten aus dem Vertragsverh\u00e4ltnis.<\/p>\n<!-- \/wp:paragraph --><!-- wp:paragraph -->\n<p>(3) Sollten einzelne Bestimmungen dieser Nutzungsbedingungen unwirksam sein oder werden, so ber\u00fchrt dies die Wirksamkeit der \u00fcbrigen Bestimmungen nicht.<\/p>\n<!-- \/wp:paragraph --><!-- wp:paragraph -->\n<p>Version 1.0.4 (Stand: 06.06.2019)<\/p>\n<!-- \/wp:paragraph -->\t\t\t\t\t\t<\/div>\n\t\t\t\t<\/div>\n\t\t\t\t\t<\/div>\n\t\t<\/div>\n\t\t\t\t\t<\/div>\n\t\t<\/section>\n\t\t\t\t<\/div>","protected":false},"excerpt":{"rendered":"<p>WLAN-Nutzungsbedingungen 1. Gegenstand und Geltungsbereich dieser Nutzungsbedingungen Diese Nutzungsbedingungen regeln Ihre und unsere Rechte und Pflichten im Zusammenhang mit der Nutzung unseres G\u00e4ste-WLAN-Zugangs. Er bezieht sich insbesondere auf das Netzwerk mit der SSID \u201ePrivatzimmer Free Wifi\u201c. 2. Unsere Leistungen (1) Wir stellen Ihnen in unserem Haus fl\u00e4chendeckend einen Zugang zum Internet in Form eines WLAN-Zugangs [&hellip;]<\/p>","protected":false},"author":1,"featured_media":0,"parent":0,"menu_order":0,"comment_status":"closed","ping_status":"closed","template":"elementor_header_footer","meta":{"site-sidebar-layout":"default","site-content-layout":"default","ast-site-content-layout":"","site-content-style":"default","site-sidebar-style":"default","ast-global-header-display":"","ast-banner-title-visibility":"","ast-main-header-display":"","ast-hfb-above-header-display":"","ast-hfb-below-header-display":"","ast-hfb-mobile-header-display":"","site-post-title":"","ast-breadcrumbs-content":"","ast-featured-img":"","footer-sml-layout":"","theme-transparent-header-meta":"default","adv-header-id-meta":"","stick-header-meta":"","header-above-stick-meta":"","header-main-stick-meta":"","header-below-stick-meta":"","astra-migrate-meta-layouts":"default","ast-page-background-enabled":"default","ast-page-background-meta":{"desktop":{"background-color":"","background-image":"","background-repeat":"repeat","background-position":"center center","background-size":"auto","background-attachment":"scroll","background-type":"","background-media":"","overlay-type":"","overlay-color":"","overlay-opacity":"","overlay-gradient":""},"tablet":{"background-color":"","background-image":"","background-repeat":"repeat","background-position":"center center","background-size":"auto","background-attachment":"scroll","background-type":"","background-media":"","overlay-type":"","overlay-color":"","overlay-opacity":"","overlay-gradient":""},"mobile":{"background-color":"","background-image":"","background-repeat":"repeat","background-position":"center center","background-size":"auto","background-attachment":"scroll","background-type":"","background-media":"","overlay-type":"","overlay-color":"","overlay-opacity":"","overlay-gradient":""}},"ast-content-background-meta":{"desktop":{"background-color":"var(--ast-global-color-5)","background-image":"","background-repeat":"repeat","background-position":"center center","background-size":"auto","background-attachment":"scroll","background-type":"","background-media":"","overlay-type":"","overlay-color":"","overlay-opacity":"","overlay-gradient":""},"tablet":{"background-color":"var(--ast-global-color-5)","background-image":"","background-repeat":"repeat","background-position":"center center","background-size":"auto","background-attachment":"scroll","background-type":"","background-media":"","overlay-type":"","overlay-color":"","overlay-opacity":"","overlay-gradient":""},"mobile":{"background-color":"var(--ast-global-color-5)","background-image":"","background-repeat":"repeat","background-position":"center center","background-size":"auto","background-attachment":"scroll","background-type":"","background-media":"","overlay-type":"","overlay-color":"","overlay-opacity":"","overlay-gradient":""}},"footnotes":""},"class_list":["post-315","page","type-page","status-publish","hentry"],"_links":{"self":[{"href":"https:\/\/privatzimmer-reutlingen.de\/en\/wp-json\/wp\/v2\/pages\/315"}],"collection":[{"href":"https:\/\/privatzimmer-reutlingen.de\/en\/wp-json\/wp\/v2\/pages"}],"about":[{"href":"https:\/\/privatzimmer-reutlingen.de\/en\/wp-json\/wp\/v2\/types\/page"}],"author":[{"embeddable":true,"href":"https:\/\/privatzimmer-reutlingen.de\/en\/wp-json\/wp\/v2\/users\/1"}],"replies":[{"embeddable":true,"href":"https:\/\/privatzimmer-reutlingen.de\/en\/wp-json\/wp\/v2\/comments?post=315"}],"version-history":[{"count":6,"href":"https:\/\/privatzimmer-reutlingen.de\/en\/wp-json\/wp\/v2\/pages\/315\/revisions"}],"predecessor-version":[{"id":322,"href":"https:\/\/privatzimmer-reutlingen.de\/en\/wp-json\/wp\/v2\/pages\/315\/revisions\/322"}],"wp:attachment":[{"href":"https:\/\/privatzimmer-reutlingen.de\/en\/wp-json\/wp\/v2\/media?parent=315"}],"curies":[{"name":"wp","href":"https:\/\/api.w.org\/{rel}","templated":true}]}}